{"id":925,"date":"2021-09-10T21:41:49","date_gmt":"2021-09-10T19:41:49","guid":{"rendered":"https:\/\/www.ckbbarczewo.pl\/?page_id=925"},"modified":"2021-09-10T21:41:49","modified_gmt":"2021-09-10T19:41:49","slug":"radio-warmia-barczewo","status":"publish","type":"page","link":"https:\/\/www.ckbbarczewo.pl\/?page_id=925","title":{"rendered":"Radio Warmia Barczewo"},"content":{"rendered":"\n<figure class=\"wp-block-image is-resized\"><img loading=\"lazy\" decoding=\"async\" src=\"https:\/\/external.fpoz4-1.fna.fbcdn.net\/safe_image.php?d=AQFgHrjCKrnB-nb-&amp;w=500&amp;h=261&amp;url=http%3A%2F%2Fradiowar.webd.pl%2Fwp-content%2Fuploads%2F2017%2F10%2Fcropped-cropped-radioE.png&amp;cfs=1&amp;ext=jpg&amp;_nc_oe=6ea7e&amp;_nc_sid=06c271&amp;ccb=3-5&amp;_nc_hash=AQG8M2Gam79TrreF\" alt=\"RADIO WARMIA BARCZEWO \u2013 Tw\u00f3j Lokalny G\u0142os \u2013 Na Warmii!\" width=\"307\" height=\"160\"\/><\/figure>\n\n\n\n<p>Nadajemy w ka\u017cdy CZWARTEK od godz. 8:00! powt\u00f3rki ka\u017cda sobota, niedziela i wtorek<br><a rel=\"noreferrer noopener\" href=\"http:\/\/www.radiobarczewo.pl\/?fbclid=IwAR37Pbb0qM2R9JQgTQ1TYdqO4ZPj0dr8h63GELYSVQUxNSeh7OOG8T0X6AU\" target=\"_blank\">www.radiobarczewo.pl<\/a><\/p>\n\n\n\n<p>Oto sta\u0142a ram\u00f3wka:<br>08:00 &#8211; 12:00 POBUDKA z Radiem Warmia Barczewo- zapraszaj\u0105 Magdalena \u0141owkiel, Krzysztof Ko\u017ami\u0144ski<br>12:30-13:00 Historia pewnego utworu- Krzysztof Ko\u017ami\u0144ski<br>13:00 &#8211; 14:00 Audycja radiowa Barczewskiego Uniwersytetu Trzeciego Wieku<br>14:00 &#8211; 15:00 Radiowy Lektor- powie\u015b\u0107 w odcinkach, czyta Mira Bandurska<br>15:00-16:00 KULTtuba- zaprasza Robert Tokarski<br>16:00 &#8211; 18:00 Historia muzyki rozrywkowej- zaprasza DJ Worek, czyli Mariusz Worotnik<br>18:00 &#8211; 19:00 SALONIK KULTURALNY- zaprasza Magdalena \u0141owkiel<br>19:00 -20:00 VINYL- zaprasza Krzysztof Ko\u017ami\u0144ski<br>20:00-21:00 retransmisja koncert\u00f3w z Barczewa<\/p>\n\n\n\n<figure class=\"wp-block-image size-large is-resized\"><a href=\"http:\/\/stacja.radiohost.pl\/customBoxes\/link\/450\/d9b0a\/type\/aplayer2\/set\/aGVhZGVyLy89ZmFsc2V8JmhlYWRlckFsd2F5cy8vPWZhbHNlfCZ3aWRnZXQxLy89UG96ZHJvd2llbmlhfCZ3aWRnZXQyLy89T3N0YXRuaW8gZ3JhbmV8JndpZGdldDMvLz1SYW3Ds3drYXwmd2lkZ2V0NC8vPUxpc3RhIHByemVib2rDs3d8JndpZGdldDUvLz1QcmV6ZW50ZXJ6eXwmcGljUmVwZWF0Ly89bnVsbHwmcGljUG9zWC8vPW51bGx8JnBpY1Bvc1kvLz1udWxsfCZwaWNTaXplLy89bnVsbHwmcGljQXR0YWNoLy89bnVsbA==\" target=\"_blank\" rel=\"noopener\"><img loading=\"lazy\" decoding=\"async\" src=\"https:\/\/www.ckbbarczewo.pl\/wp-content\/uploads\/2021\/09\/wlacz-radio-klik.png\" alt=\"\" class=\"wp-image-926\" width=\"243\" height=\"67\"\/><\/a><\/figure>\n\n\n\n<p><\/p>\n","protected":false},"excerpt":{"rendered":"<p>Nadajemy w ka\u017cdy CZWARTEK od godz. 8:00! powt\u00f3rki ka\u017cda sobota, niedziela i wtorekwww.radiobarczewo.pl Oto sta\u0142a ram\u00f3wka:08:00 &#8211; 12:00 POBUDKA z Radiem Warmia Barczewo- zapraszaj\u0105 Magdalena \u0141owkiel, Krzysztof Ko\u017ami\u0144ski12:30-13:00 Historia pewnego utworu- Krzysztof \u2026<\/p>\n","protected":false},"author":1,"featured_media":0,"parent":0,"menu_order":0,"comment_status":"closed","ping_status":"closed","template":"","meta":{"_EventAllDay":false,"_EventTimezone":"","_EventStartDate":"","_EventEndDate":"","_EventStartDateUTC":"","_EventEndDateUTC":"","_EventShowMap":false,"_EventShowMapLink":false,"_EventURL":"","_EventCost":"","_EventCostDescription":"","_EventCurrencySymbol":"","_EventCurrencyCode":"","_EventCurrencyPosition":"","_EventDateTimeSeparator":"","_EventTimeRangeSeparator":"","_EventOrganizerID":[],"_EventVenueID":[],"_OrganizerEmail":"","_OrganizerPhone":"","_OrganizerWebsite":"","_VenueAddress":"","_VenueCity":"","_VenueCountry":"","_VenueProvince":"","_VenueState":"","_VenueZip":"","_VenuePhone":"","_VenueURL":"","_VenueStateProvince":"","_VenueLat":"","_VenueLng":"","_VenueShowMap":false,"_VenueShowMapLink":false,"footnotes":""},"class_list":["post-925","page","type-page","status-publish","hentry"],"_links":{"self":[{"href":"https:\/\/www.ckbbarczewo.pl\/index.php?rest_route=\/wp\/v2\/pages\/925","targetHints":{"allow":["GET"]}}],"collection":[{"href":"https:\/\/www.ckbbarczewo.pl\/index.php?rest_route=\/wp\/v2\/pages"}],"about":[{"href":"https:\/\/www.ckbbarczewo.pl\/index.php?rest_route=\/wp\/v2\/types\/page"}],"author":[{"embeddable":true,"href":"https:\/\/www.ckbbarczewo.pl\/index.php?rest_route=\/wp\/v2\/users\/1"}],"replies":[{"embeddable":true,"href":"https:\/\/www.ckbbarczewo.pl\/index.php?rest_route=%2Fwp%2Fv2%2Fcomments&post=925"}],"version-history":[{"count":1,"href":"https:\/\/www.ckbbarczewo.pl\/index.php?rest_route=\/wp\/v2\/pages\/925\/revisions"}],"predecessor-version":[{"id":927,"href":"https:\/\/www.ckbbarczewo.pl\/index.php?rest_route=\/wp\/v2\/pages\/925\/revisions\/927"}],"wp:attachment":[{"href":"https:\/\/www.ckbbarczewo.pl\/index.php?rest_route=%2Fwp%2Fv2%2Fmedia&parent=925"}],"curies":[{"name":"wp","href":"https:\/\/api.w.org\/{rel}","templated":true}]}}