{"id":3676,"date":"2026-02-10T14:23:56","date_gmt":"2026-02-10T13:23:56","guid":{"rendered":"https:\/\/www.ckbbarczewo.pl\/?page_id=3676"},"modified":"2026-02-11T08:56:31","modified_gmt":"2026-02-11T07:56:31","slug":"punkty-biblioteczne","status":"publish","type":"page","link":"https:\/\/www.ckbbarczewo.pl\/?page_id=3676","title":{"rendered":"Punkty biblioteczne"},"content":{"rendered":"\n<p>Na terenie gminy Barczewo funkcjonuje sze\u015b\u0107 Punkt\u00f3w Bibliotecznych: w Barczewku, Lamkowie, Nikielkowie,  Ramsowie oraz Wipsowie. <\/p>\n\n\n\n<p><strong>Punkt Biblioteczny w Barczewku<\/strong><\/p>\n\n\n\n<p>Mie\u015bci si\u0119 w budynku Szko\u0142y Filialnej w Barczewku<\/p>\n\n\n\n<p>Barczewko 36, 11-010 Barczewo<\/p>\n\n\n\n<p>Godziny pracy Punktu:<\/p>\n\n\n\n<p>Poniedzia\u0142ek 14.00 &#8211; 18.00<\/p>\n\n\n\n<p><strong>Punkt Biblioteczny w Lamkowie<\/strong><\/p>\n\n\n\n<p>Mie\u015bci si\u0119 w budynku Niepublicznej Szko\u0142y Podstawowej w Lamkowie<\/p>\n\n\n\n<p>Lamkowo 29, 11-010 Barczewo<\/p>\n\n\n\n<p>Godziny pracy Punktu:<\/p>\n\n\n\n<p>Poniedzia\u0142ek 15.00 &#8211; 19.00<\/p>\n\n\n\n<p>Wtorek 13.00 &#8211; 19.00<\/p>\n\n\n\n<p>Czwartek 15.00 &#8211; 19.00<\/p>\n\n\n\n<p>Pi\u0105tek 13.00 &#8211; 19.00<\/p>\n\n\n\n<p><strong>Punkt Biblioteczny w Nikielkowie<\/strong><\/p>\n\n\n\n<p>Mie\u015bci si\u0119 w lokalu \u015awietlicy Wiejskiej w Nikielkowie<\/p>\n\n\n\n<p>ul. Jana Grzyma\u0142y 8, Nikielkowo, 10-376 Olsztyn<\/p>\n\n\n\n<p>Godziny pracy Punktu:<\/p>\n\n\n\n<p>Wtorek 14.00 &#8211; 18.00<\/p>\n\n\n\n<p>Czwartek 14.00 &#8211; 18.00<\/p>\n\n\n\n<p><strong>Punkt Biblioteczny w Ramsowie<\/strong><\/p>\n\n\n\n<p>Mie\u015bci si\u0119 w budynku Niepublicznego Zespo\u0142u Szk\u00f3\u0142 i Plac\u00f3wek w Ramsowie<\/p>\n\n\n\n<p>Ramsowo 87, 11-010 Barczewo<\/p>\n\n\n\n<p>Godziny pracy Punktu:<\/p>\n\n\n\n<p>Poniedzia\u0142ek 10.00 &#8211; 14.00<\/p>\n\n\n\n<p>Wtorek 10.00 &#8211; 14.00<\/p>\n\n\n\n<p>\u015aroda 13.00 &#8211; 17.00<\/p>\n\n\n\n<p>Czwartek 13.00 &#8211; 17.00<\/p>\n\n\n\n<p>Pi\u0105tek 8.00 &#8211; 12.00<\/p>\n\n\n\n<p><strong>Punkt Biblioteczny w Wipsowie<\/strong><\/p>\n\n\n\n<p>Mie\u015bci si\u0119 w lokalu \u015awietlicy Wiejskiej w Wipsowie<\/p>\n\n\n\n<p>Wipsowo 4, 11-010 Barczewo<\/p>\n\n\n\n<p>Godziny pracy Punktu:<\/p>\n\n\n\n<p>\u015aroda 14.00 &#8211; 18.00<\/p>\n\n\n\n<p>Pi\u0105tek 14.00 &#8211; 18.00<\/p>\n","protected":false},"excerpt":{"rendered":"<p>Na terenie gminy Barczewo funkcjonuje sze\u015b\u0107 Punkt\u00f3w Bibliotecznych: w Barczewku, Lamkowie, Nikielkowie, Ramsowie oraz Wipsowie. Punkt Biblioteczny w Barczewku Mie\u015bci si\u0119 w budynku Szko\u0142y Filialnej w Barczewku Barczewko 36, 11-010 Barczewo Godziny \u2026<\/p>\n","protected":false},"author":1,"featured_media":0,"parent":0,"menu_order":0,"comment_status":"closed","ping_status":"closed","template":"","meta":{"_EventAllDay":false,"_EventTimezone":"","_EventStartDate":"","_EventEndDate":"","_EventStartDateUTC":"","_EventEndDateUTC":"","_EventShowMap":false,"_EventShowMapLink":false,"_EventURL":"","_EventCost":"","_EventCostDescription":"","_EventCurrencySymbol":"","_EventCurrencyCode":"","_EventCurrencyPosition":"","_EventDateTimeSeparator":"","_EventTimeRangeSeparator":"","_EventOrganizerID":[],"_EventVenueID":[],"_OrganizerEmail":"","_OrganizerPhone":"","_OrganizerWebsite":"","_VenueAddress":"","_VenueCity":"","_VenueCountry":"","_VenueProvince":"","_VenueState":"","_VenueZip":"","_VenuePhone":"","_VenueURL":"","_VenueStateProvince":"","_VenueLat":"","_VenueLng":"","_VenueShowMap":false,"_VenueShowMapLink":false,"footnotes":""},"class_list":["post-3676","page","type-page","status-publish","hentry"],"_links":{"self":[{"href":"https:\/\/www.ckbbarczewo.pl\/index.php?rest_route=\/wp\/v2\/pages\/3676","targetHints":{"allow":["GET"]}}],"collection":[{"href":"https:\/\/www.ckbbarczewo.pl\/index.php?rest_route=\/wp\/v2\/pages"}],"about":[{"href":"https:\/\/www.ckbbarczewo.pl\/index.php?rest_route=\/wp\/v2\/types\/page"}],"author":[{"embeddable":true,"href":"https:\/\/www.ckbbarczewo.pl\/index.php?rest_route=\/wp\/v2\/users\/1"}],"replies":[{"embeddable":true,"href":"https:\/\/www.ckbbarczewo.pl\/index.php?rest_route=%2Fwp%2Fv2%2Fcomments&post=3676"}],"version-history":[{"count":2,"href":"https:\/\/www.ckbbarczewo.pl\/index.php?rest_route=\/wp\/v2\/pages\/3676\/revisions"}],"predecessor-version":[{"id":3682,"href":"https:\/\/www.ckbbarczewo.pl\/index.php?rest_route=\/wp\/v2\/pages\/3676\/revisions\/3682"}],"wp:attachment":[{"href":"https:\/\/www.ckbbarczewo.pl\/index.php?rest_route=%2Fwp%2Fv2%2Fmedia&parent=3676"}],"curies":[{"name":"wp","href":"https:\/\/api.w.org\/{rel}","templated":true}]}}