{"id":2372,"date":"2024-09-10T12:42:42","date_gmt":"2024-09-10T10:42:42","guid":{"rendered":"https:\/\/www.ckbbarczewo.pl\/?page_id=2372"},"modified":"2025-10-31T09:47:35","modified_gmt":"2025-10-31T08:47:35","slug":"grafik-zajec","status":"publish","type":"page","link":"https:\/\/www.ckbbarczewo.pl\/?page_id=2372","title":{"rendered":"Grafik zaj\u0119\u0107"},"content":{"rendered":"\n<p><strong>Aktualny grafik zaj\u0119\u0107 w CK-B z oznaczeniem sal.<\/strong> na rok 2025\/26 wkr\u00f3tce&#8230;<\/p>\n\n\n\n<p>Wi\u0119cej informacji na temat pracowni w rozwijanych zak\u0142adkach &gt;&gt; DOM KULTURY. Zaj\u0119cia w pracowniach i niekt\u00f3re warsztatowe podlegaj\u0105 zg\u0142oszeniu uczestnika i odp\u0142atno\u015bci za cz\u0119\u015b\u0107 materia\u0142\u00f3w.<\/p>\n\n\n\n<p>Testowo w\u0142\u0105czamy now\u0105 platform\u0119 do zapis\u00f3w na zaj\u0119cia organizowane przez CK-B w roku szklonym 2025\/26. Obecnie s\u0105 tam dost\u0119pne zaj\u0119cia, na kt\u00f3re wcze\u015bniej nie by\u0142o&nbsp;<a><\/a>zamieszczanych informacji. Na bie\u017c\u0105co b\u0119dziemy aktualizowa\u0107 na podstawie wcze\u015bniejszych zg\u0142osze\u0144 i potwierdze\u0144 od prowadz\u0105cych.<\/p>\n\n\n\n<p>Link do zaj\u0119\u0107:&nbsp;<a href=\"https:\/\/ckbbarczewo.lupposystem.com\/HomePage\">https:\/\/ckbbarczewo.lupposystem.com\/HomePage<\/a><\/p>\n\n\n\n<div class=\"wp-block-buttons is-layout-flex wp-block-buttons-is-layout-flex\">\n<div class=\"wp-block-button is-style-fill\"><a class=\"wp-block-button__link has-accent-1-background-color has-background wp-element-button\" href=\"https:\/\/www.ckbbarczewo.pl\/wp-content\/uploads\/2025\/10\/Regulamin-zajec-w-CKB-2025-luppo.pdf\">Regulamin zaj\u0119\u0107<\/a><\/div>\n\n\n\n<div class=\"wp-block-button\"><a class=\"wp-block-button__link wp-element-button\" href=\"https:\/\/www.ckbbarczewo.pl\/wp-content\/uploads\/2025\/09\/KARTA-PELNOLETNIEGO-UCZESTNIKA-2025.pdf\">Zg\u0142oszenie pe\u0142noletniego uczestnika<\/a><\/div>\n\n\n\n<div class=\"wp-block-button is-style-outline is-style-outline--1\"><a class=\"wp-block-button__link wp-element-button\" href=\"https:\/\/www.ckbbarczewo.pl\/wp-content\/uploads\/2025\/09\/KARTA-NIEPELNOLETNIEGO-UCZESTNIKA-2025.pdf\">Zg\u0142oszenie niepe\u0142noletniego uczestnika<\/a><\/div>\n<\/div>\n\n\n\n<hr class=\"wp-block-separator has-css-opacity\"\/>\n\n\n\n<p class=\"has-text-align-center\"><strong>W<\/strong> &#8211; sala widowiskowa,<strong> PC<\/strong> &#8211; pracownia ceramiczna, <strong>PP<\/strong> &#8211; pracownia plastyczna, <strong>BUTW<\/strong> &#8211; sala uniwersytety III wieku, <strong>B<\/strong> &#8211; biblioteka, <strong>PM<\/strong> &#8211; pracownia muzyczna, <strong>SMF<\/strong> &#8211; salon muzyczny\/muzeum F. Nowowiejskiego, <strong>SM<\/strong> &#8211; sala ma\u0142a (I pi\u0119tro), <strong>SP<\/strong> &#8211; sala pr\u00f3b<\/p>\n\n\n\n<div class=\"wp-block-group\"><div class=\"wp-block-group__inner-container is-layout-flow wp-block-group-is-layout-flow\">\n<div class=\"wp-block-columns is-layout-flex wp-container-core-columns-is-layout-9d6595d7 wp-block-columns-is-layout-flex\">\n<div class=\"wp-block-column is-layout-flow wp-block-column-is-layout-flow\" style=\"flex-basis:100%\">\n<figure class=\"wp-block-table is-style-regular\"><table class=\"has-sitebg-color has-text-color has-background has-link-color\" style=\"background-color:#f3f4f5\"><thead><tr><th>DZIE\u0143<\/th><th class=\"has-text-align-left\" data-align=\"left\">ZAJ\u0118CIA<\/th><th>GODZINA<\/th><th class=\"has-text-align-center\" data-align=\"center\">SALA<\/th><th>INSTRUKTOR<\/th><\/tr><\/thead><tbody><tr><td>PONIEDZIA\u0141EK<\/td><td class=\"has-text-align-left\" data-align=\"left\">ZDROWY SENIOR &#8211; zaj\u0119cia gimnast. dla BUTW<br>Sekcja gier towarzyskich dla senior\u00f3w BUTW<br>Klub gier planszowych<br>Malarstwo i rysunek &#8211; grupa I (7-8 lat)<br>Malarstwo i rysunek &#8211; grupa III (11-14 lat)<br>Grupa Al &#8211; Anon<br>Nauka gry na gitarze klasycznej i instrumentach klawiszowych<br>Warsztaty tkacko-dziewiarskie<\/td><td>10:15 &#8211; 11:00<br>10:00 &#8211; 13:00<br>14:00 &#8211; 16:00<br>13:00 &#8211; 14:30<br>15:30 &#8211; 17:00<br>15:00 &#8211; 19:00<br>15:30 &#8211; 18:30<br>16:00 &#8211; 18:00<\/td><td class=\"has-text-align-center\" data-align=\"center\"><strong>W<\/strong><br><strong>BUTW<\/strong><br><strong>CWK<\/strong><br><strong>PP<\/strong><br><strong>PP<\/strong><br><strong>SM<\/strong><br><strong>SMF<\/strong><br><strong>SMF<\/strong><\/td><td>B. Kurdynowska<br>B. Mat\u0142oka<br>M. Makiewicz<br>Z. Koz\u0142owski<br>Z. Koz\u0142owski<br>J. Gruda<br>N. Jakubowska<br>M. \u0141owkiel<\/td><\/tr><tr><td>WTOREK<\/td><td class=\"has-text-align-left\" data-align=\"left\">Zaj\u0119cia bryd\u017cowe dla senior\u00f3w<br>Spotkania biblio. dla dzieci &#8211; przedszkola i szko\u0142y<br>z gminy Barczewo<br>Zaj\u0119cia ceramiczne dla doros\u0142ych<br>Pilates &#8211; zdrowy kr\u0119gos\u0142up &#8211; zaj\u0119cia dla doros\u0142ych<br>Grupa poetycka<br>JOGA<\/td><td>10:00 &#8211; 13:00<br>10:00 &#8211; 14:00<br><br>14:00 &#8211; 18:00<br>16:45 &#8211; 17:40<br>17:00 &#8211; 18:00<br>18:00 &#8211; 19:30<\/td><td class=\"has-text-align-center\" data-align=\"center\"><strong>BUTW<\/strong><br><strong>B<\/strong><br><br><strong>PC<\/strong><br><strong>W<\/strong><br><strong>SMF<br>W<\/strong><\/td><td>B. Szlachta<br>L. Szczerbo\/A.Rok<br><br>E. Pozna\u0144ska<br>T. Mozolewska<br>M. \u0141owkiel<br>A. Klamka<\/td><\/tr><tr><td>\u015aRODA<\/td><td class=\"has-text-align-left\" data-align=\"left\">Biblioteczny Klub Malucha (2,5-4 lata)<br>Polski Zwi\u0105zek Emeryt\u00f3w i Rencist\u00f3w<br>Zaj\u0119cia komputerowe dla senior\u00f3w BUTW<br>Zaj\u0119cia ceramiczne dla senior\u00f3w<br>Zaj\u0119cia kreatywne (7 &#8211; 15 lat)<br>Tw\u00f3rcze inspiracje BUTW &#8211; co druga \u015broda<br>Malarstwo i rysunek &#8211; grupa II (9-11 lat)<br>Nauka gry na gitarze klasycznej i instrumentach klawisz.<br>Zesp\u00f3\u0142 wokalny<br>Malarstwo i rysunek &#8211; m\u0142odzie\u017c i doro\u015bli<br>Szachy Barczewo<\/td><td>9:00 &#8211; 11:00<br>10:00 &#8211; 12:00<br>11:00 &#8211; 12:00<br>12:00 &#8211; 13:50<br>14:00 &#8211; 15:30<br>14:30 &#8211; 16:00<br>14:00 &#8211; 15:30<br>15:00 &#8211; 18:00<br>15:00 &#8211; 17:00<br>16:30 &#8211; 19:00<br>17:15 &#8211; 19:45<\/td><td class=\"has-text-align-center\" data-align=\"center\"><strong>B<br>SM<\/strong><br><strong>B<\/strong><br><strong>PC<\/strong><br><strong><strong>CWK<\/strong><\/strong><br><strong>BUTW<\/strong><br><strong>PP<\/strong><br><strong><strong>SMF<\/strong><\/strong><br><strong><strong>SMF<\/strong><\/strong><br><strong>PP<\/strong><br><strong>W<\/strong><\/td><td>A. Rok<br>B. Rogalska<br>L. Szczerbo<br>E. Pozna\u0144ska<br>M. Pniewski<br>Joanna Dybowska<br>Z. Koz\u0142owski<br>N. Jakubowska<br>M. \u0141owkiel<br>Z. Koz\u0142owski<br>K. Cis<\/td><\/tr><tr><td>CZWARTEK<\/td><td class=\"has-text-align-left\" data-align=\"left\">ZDROWY SENIOR &#8211; zaj\u0119cia gimnast. dla BUTW<br>Sekcja gier towarzyskich dla senior\u00f3w BUTW<br>Spotkania biblio. dla dzieci &#8211; przedszkola i szko\u0142y<br>z gminy Barczewo<br>Zaj\u0119cia ceramiczne dla dzieci grupa I<br>Zaj\u0119cia ceramiczne dla dzieci grupa II<br>Roz\u015bpiewana sekcja BUTW<br>Laboratorium m\u0142odego technika,<br>modelarstwo (10-15 lat)<br>Zaj\u0119cia teatralne<br>Zesp\u00f3\u0142 folklorystyczny &#8222;BARCZEWIANIE&#8221;<br>Joga<\/td><td>10:00 &#8211; 10:45<br>10:00 &#8211; 13:00<br>10:00 &#8211; 14:00<br><br>12:00 &#8211; 13:30<br>14:00 &#8211; 15:30<br>14:00 &#8211; 15:00<br>15:00 &#8211; 16:30<br><br>15:00 &#8211; 17:00<br>17:30 &#8211; 19:30<br>17:30 &#8211; 19:00<\/td><td class=\"has-text-align-center\" data-align=\"center\"><strong><strong>W<\/strong><br>BUTW<\/strong><br><strong><strong>B<\/strong><br><\/strong><br><strong>PC<br>PC<\/strong><br><strong><strong>BUTW<\/strong><br>CWK<br><\/strong><br><strong>W<\/strong><br><strong><strong>CWK<\/strong><br>W<\/strong><\/td><td>B. Kurdynowska<br>B. Mat\u0142oka<br>L. Szczerbo\/A.Rok<br><br>E. Pozna\u0144ska<br>E. Pozna\u0144ska<br>U. Prz\u0105dka<br>M. Pniewski<br><br>A. Rok<br>M. Koz\u0142owska<br>A. Klamka<br><\/td><\/tr><tr><td>PI\u0104TEK<\/td><td class=\"has-text-align-left\" data-align=\"left\">Spotkania biblio. dla dzieci &#8211; przedszkola i szko\u0142y<br>z gminy Barczewo<br>Zaj\u0119cia bryd\u017cowe dla senior\u00f3w<br>Nauka gry na perkusji<br>Ko\u0142o turystyczne &#8222;Na szlaku Warmii&#8221;<br>Nauka gry na gitarze elektrycznej<br>Klub literacki<br>ZHP Zuchy<br>Ch\u00f3r &#8222;Moderato&#8221;<br>Warsztaty makramy<\/td><td>10:00 &#8211; 14:00<br><br>10:00 &#8211; 13:00<br>12:00 &#8211; 20:45<br>15:00 &#8211; 16:30<br>16:00 &#8211; 19:00<br>16:00 &#8211; 18:00<br>17:00 &#8211; 18:30<br>17:00 &#8211; 19:00<br>17:00 &#8211; 20:00<\/td><td class=\"has-text-align-center\" data-align=\"center\"><strong>B<\/strong><br><br><strong><strong><strong>BUTW<\/strong><\/strong><\/strong><br><strong><strong>SP<\/strong><br>CWK<\/strong><br><strong>PM<br>SM<br>CWK<br><strong>W<\/strong><\/strong><br><strong>CWK <br>i sala kinowa<\/strong><\/td><td>L.Szczerbo\/A.Rok<br><br>B. Szlachta<br>P. Orzechowski<br>N. Pietra\u015b<br>J. \u017belazny<br>S. Chabko<br>L. Chmarycz<br>D. Nowakowska<br>M. Koz\u0142owska<\/td><\/tr><tr><td>SOBOTA<\/td><td class=\"has-text-align-left\" data-align=\"left\">Szachy Barczewo<\/td><td>11:00 &#8211; 13:00<\/td><td class=\"has-text-align-center\" data-align=\"center\"><strong>W<\/strong><\/td><td>K. Cis<\/td><\/tr><\/tbody><\/table><\/figure>\n<\/div>\n<\/div>\n<\/div><\/div>\n\n\n\n<figure class=\"wp-block-gallery has-nested-images columns-default is-cropped wp-block-gallery-2 is-layout-flex wp-block-gallery-is-layout-flex\"><\/figure>\n","protected":false},"excerpt":{"rendered":"<p>Aktualny grafik zaj\u0119\u0107 w CK-B z oznaczeniem sal. na rok 2025\/26 wkr\u00f3tce&#8230; Wi\u0119cej informacji na temat pracowni w rozwijanych zak\u0142adkach &gt;&gt; DOM KULTURY. Zaj\u0119cia w pracowniach i niekt\u00f3re warsztatowe podlegaj\u0105 zg\u0142oszeniu uczestnika \u2026<\/p>\n","protected":false},"author":7,"featured_media":2453,"parent":0,"menu_order":0,"comment_status":"closed","ping_status":"closed","template":"","meta":{"_EventAllDay":false,"_EventTimezone":"","_EventStartDate":"","_EventEndDate":"","_EventStartDateUTC":"","_EventEndDateUTC":"","_EventShowMap":false,"_EventShowMapLink":false,"_EventURL":"","_EventCost":"","_EventCostDescription":"","_EventCurrencySymbol":"","_EventCurrencyCode":"","_EventCurrencyPosition":"","_EventDateTimeSeparator":"","_EventTimeRangeSeparator":"","_EventOrganizerID":[],"_EventVenueID":[],"_OrganizerEmail":"","_OrganizerPhone":"","_OrganizerWebsite":"","_VenueAddress":"","_VenueCity":"","_VenueCountry":"","_VenueProvince":"","_VenueState":"","_VenueZip":"","_VenuePhone":"","_VenueURL":"","_VenueStateProvince":"","_VenueLat":"","_VenueLng":"","_VenueShowMap":false,"_VenueShowMapLink":false,"footnotes":""},"class_list":["post-2372","page","type-page","status-publish","has-post-thumbnail","hentry"],"_links":{"self":[{"href":"https:\/\/www.ckbbarczewo.pl\/index.php?rest_route=\/wp\/v2\/pages\/2372","targetHints":{"allow":["GET"]}}],"collection":[{"href":"https:\/\/www.ckbbarczewo.pl\/index.php?rest_route=\/wp\/v2\/pages"}],"about":[{"href":"https:\/\/www.ckbbarczewo.pl\/index.php?rest_route=\/wp\/v2\/types\/page"}],"author":[{"embeddable":true,"href":"https:\/\/www.ckbbarczewo.pl\/index.php?rest_route=\/wp\/v2\/users\/7"}],"replies":[{"embeddable":true,"href":"https:\/\/www.ckbbarczewo.pl\/index.php?rest_route=%2Fwp%2Fv2%2Fcomments&post=2372"}],"version-history":[{"count":35,"href":"https:\/\/www.ckbbarczewo.pl\/index.php?rest_route=\/wp\/v2\/pages\/2372\/revisions"}],"predecessor-version":[{"id":3518,"href":"https:\/\/www.ckbbarczewo.pl\/index.php?rest_route=\/wp\/v2\/pages\/2372\/revisions\/3518"}],"wp:featuredmedia":[{"embeddable":true,"href":"https:\/\/www.ckbbarczewo.pl\/index.php?rest_route=\/wp\/v2\/media\/2453"}],"wp:attachment":[{"href":"https:\/\/www.ckbbarczewo.pl\/index.php?rest_route=%2Fwp%2Fv2%2Fmedia&parent=2372"}],"curies":[{"name":"wp","href":"https:\/\/api.w.org\/{rel}","templated":true}]}}